{"id":429,"date":"2016-05-06T19:36:10","date_gmt":"2016-05-06T19:36:10","guid":{"rendered":"http:\/\/www.hotelpietroasa.ro\/site\/?page_id=429"},"modified":"2022-12-18T17:07:00","modified_gmt":"2022-12-18T17:07:00","slug":"noblesse","status":"publish","type":"page","link":"http:\/\/www.hotelpietroasa.ro\/site\/noblesse\/","title":{"rendered":"Noblesse"},"content":{"rendered":"<p><strong>Noblesse<\/strong> reprezint\u0103 un concept nou, destinat organiz\u0103rii de evenimente, ce se poate adapta oric\u0103rui tip de manifest\u0103ri private (<strong>nunt\u0103, botez, aniversare<\/strong>, baluri de absolvire) sau <strong>corporate<\/strong> (congrese, seminarii, conferin\u021be).<\/p>\n<p>Cu o tradi\u021bie de peste 25 de ani, am dob\u00e2ndit o specializare \u00een organizarea de evenimente, venind \u00een permanen\u021b\u0103 cu solu\u021bii \u0219i op\u021biuni creative. At\u00e2t experien\u021ba, c\u00e2t \u0219i prestigiul dob\u00e2ndit \u00een industria \u00een care activ\u0103m, se prezint\u0103 ca un garant al sinergiei tuturor elementelor ce concur\u0103 la reu\u0219ita evenimentelor.<\/p>\n<p>Loca\u021bia dispune de o piscin\u0103 \u00een aer liber, venind ca o completare a \u00eentregului context creat, \u00een cadrul c\u0103ruia po\u021bi celebra al\u0103turi de p\u00e2n\u0103 la 600 de invita\u021bi.<\/p>\n<p>Astfel, v\u0103 punem la dispozi\u021bie un spa\u021biu distins, proiectat pentru a reflecta cu fidelitate dorin\u021bele \u0219i emo\u021biile invita\u021bilor dumneavoastr\u0103.<\/p>\n<p>\u00cen completarea ofertei de preparate culinare, salonul Noblesse v\u0103 pune la dispozi\u021bie servicii specifice organiz\u0103rii de evenimente: <em>Wedding Planner, Candy Bar, Tort, aranjamente florale pentru salon \u0219i Biseric\u0103, decora\u021biuni speciale.<\/em><\/p>\n<p>Misiunea noastr\u0103 \u00een organizarea de evenimente este de a redefini unicitatea fiec\u0103rei manifest\u0103ri!<\/p>\n<p><a href=\"http:\/\/www.hotelpietroasa.ro\/site\/wp-content\/uploads\/images-e1650091258437.png\"><img loading=\"lazy\" decoding=\"async\" class=\"alignnone size-thumbnail wp-image-653\" src=\"http:\/\/www.hotelpietroasa.ro\/site\/wp-content\/uploads\/images-150x150.png\" alt=\"\" width=\"150\" height=\"150\"><\/a>&nbsp; <a href=\"https:\/\/www.google.com\/maps\/dir\/45.1371109,26.8171122\/noblesse\/@45.1566193,26.7585571,13z\/data=!3m1!4b1!4m9!4m8!1m1!4e1!1m5!1m1!1s0x40b3e01473eb27fd:0xe3ea1d5d580f7b6b!2m2!1d26.7696624!2d45.1762462\">&nbsp;Buz\u0103u, strada Transilvaniei nr. 520&nbsp;<\/a><\/p>\n<p><a href=\"https:\/\/www.facebook.com\/NoblesseByHotelPietroasa\/\">https:\/\/www.facebook.com\/NoblesseByHotelPietroasa\/<\/a><\/p>\n<p>&nbsp;<\/p>\n<p><img loading=\"lazy\" decoding=\"async\" class=\"aligncenter size-large wp-image-616\" src=\"http:\/\/www.hotelpietroasa.ro\/site\/wp-content\/uploads\/IMG_9083-1024x766.jpg\" alt=\"\" width=\"800\" height=\"598\" srcset=\"http:\/\/www.hotelpietroasa.ro\/site\/wp-content\/uploads\/IMG_9083-1024x766.jpg 1024w, http:\/\/www.hotelpietroasa.ro\/site\/wp-content\/uploads\/IMG_9083-300x225.jpg 300w, http:\/\/www.hotelpietroasa.ro\/site\/wp-content\/uploads\/IMG_9083-768x575.jpg 768w, http:\/\/www.hotelpietroasa.ro\/site\/wp-content\/uploads\/IMG_9083.jpg 1125w\" sizes=\"auto, (max-width: 800px) 100vw, 800px\" \/><img loading=\"lazy\" decoding=\"async\" class=\"aligncenter size-full wp-image-619\" src=\"http:\/\/www.hotelpietroasa.ro\/site\/wp-content\/uploads\/IMG_9080.jpg\" alt=\"\" width=\"960\" height=\"720\" srcset=\"http:\/\/www.hotelpietroasa.ro\/site\/wp-content\/uploads\/IMG_9080.jpg 960w, http:\/\/www.hotelpietroasa.ro\/site\/wp-content\/uploads\/IMG_9080-300x225.jpg 300w, http:\/\/www.hotelpietroasa.ro\/site\/wp-content\/uploads\/IMG_9080-768x576.jpg 768w\" sizes=\"auto, (max-width: 960px) 100vw, 960px\" \/><img loading=\"lazy\" decoding=\"async\" class=\"aligncenter size-full wp-image-621\" src=\"http:\/\/www.hotelpietroasa.ro\/site\/wp-content\/uploads\/5c92490c-3b46-4b98-84b0-593fa325cfa4.jpg\" alt=\"\" width=\"1024\" height=\"768\" srcset=\"http:\/\/www.hotelpietroasa.ro\/site\/wp-content\/uploads\/5c92490c-3b46-4b98-84b0-593fa325cfa4.jpg 1024w, http:\/\/www.hotelpietroasa.ro\/site\/wp-content\/uploads\/5c92490c-3b46-4b98-84b0-593fa325cfa4-300x225.jpg 300w, http:\/\/www.hotelpietroasa.ro\/site\/wp-content\/uploads\/5c92490c-3b46-4b98-84b0-593fa325cfa4-768x576.jpg 768w\" sizes=\"auto, (max-width: 1024px) 100vw, 1024px\" \/><img loading=\"lazy\" decoding=\"async\" class=\"aligncenter size-large wp-image-620\" src=\"http:\/\/www.hotelpietroasa.ro\/site\/wp-content\/uploads\/32FB660B-976E-457A-901D-B2F0C08C27A4-576x1024.jpg\" alt=\"\" width=\"576\" height=\"1024\" srcset=\"http:\/\/www.hotelpietroasa.ro\/site\/wp-content\/uploads\/32FB660B-976E-457A-901D-B2F0C08C27A4-576x1024.jpg 576w, http:\/\/www.hotelpietroasa.ro\/site\/wp-content\/uploads\/32FB660B-976E-457A-901D-B2F0C08C27A4-169x300.jpg 169w, http:\/\/www.hotelpietroasa.ro\/site\/wp-content\/uploads\/32FB660B-976E-457A-901D-B2F0C08C27A4-768x1365.jpg 768w, http:\/\/www.hotelpietroasa.ro\/site\/wp-content\/uploads\/32FB660B-976E-457A-901D-B2F0C08C27A4-864x1536.jpg 864w, http:\/\/www.hotelpietroasa.ro\/site\/wp-content\/uploads\/32FB660B-976E-457A-901D-B2F0C08C27A4-1152x2048.jpg 1152w, http:\/\/www.hotelpietroasa.ro\/site\/wp-content\/uploads\/32FB660B-976E-457A-901D-B2F0C08C27A4-scaled.jpg 1440w\" sizes=\"auto, (max-width: 576px) 100vw, 576px\" \/><img loading=\"lazy\" decoding=\"async\" class=\"aligncenter size-large wp-image-618\" src=\"http:\/\/www.hotelpietroasa.ro\/site\/wp-content\/uploads\/IMG_9085-1024x766.jpg\" alt=\"\" width=\"800\" height=\"598\" srcset=\"http:\/\/www.hotelpietroasa.ro\/site\/wp-content\/uploads\/IMG_9085-1024x766.jpg 1024w, http:\/\/www.hotelpietroasa.ro\/site\/wp-content\/uploads\/IMG_9085-300x225.jpg 300w, http:\/\/www.hotelpietroasa.ro\/site\/wp-content\/uploads\/IMG_9085-768x575.jpg 768w, http:\/\/www.hotelpietroasa.ro\/site\/wp-content\/uploads\/IMG_9085.jpg 1125w\" sizes=\"auto, (max-width: 800px) 100vw, 800px\" \/><img loading=\"lazy\" decoding=\"async\" class=\"aligncenter size-large wp-image-622\" src=\"http:\/\/www.hotelpietroasa.ro\/site\/wp-content\/uploads\/IMG_9082-1024x766.jpg\" alt=\"\" width=\"800\" height=\"598\" srcset=\"http:\/\/www.hotelpietroasa.ro\/site\/wp-content\/uploads\/IMG_9082-1024x766.jpg 1024w, http:\/\/www.hotelpietroasa.ro\/site\/wp-content\/uploads\/IMG_9082-300x225.jpg 300w, http:\/\/www.hotelpietroasa.ro\/site\/wp-content\/uploads\/IMG_9082-768x575.jpg 768w, http:\/\/www.hotelpietroasa.ro\/site\/wp-content\/uploads\/IMG_9082.jpg 1125w\" sizes=\"auto, (max-width: 800px) 100vw, 800px\" \/><\/p>\n","protected":false},"excerpt":{"rendered":"<p>Noblesse reprezint\u0103 un concept nou, destinat organiz\u0103rii de evenimente, ce se poate adapta oric\u0103rui tip &#8230; <\/p>\n<div class=\"text-center\"><a class=\"theme-btn\" href=\"http:\/\/www.hotelpietroasa.ro\/site\/noblesse\/\">Read More<\/a><\/div>\n","protected":false},"author":1,"featured_media":0,"parent":0,"menu_order":0,"comment_status":"closed","ping_status":"closed","template":"","meta":{"ngg_post_thumbnail":0,"footnotes":""},"class_list":["post-429","page","type-page","status-publish","hentry"],"yoast_head":"<!-- This site is optimized with the Yoast SEO Premium plugin v18.3 (Yoast SEO v27.5) - https:\/\/yoast.com\/product\/yoast-seo-premium-wordpress\/ -->\n<title>Noblesse Nunta Botez - Buzau Hotel Pietroasa Noblesse<\/title>\n<meta name=\"description\" content=\"Nunta Botez Evenimente Buz\u0103u Noblesse\" \/>\n<meta name=\"robots\" content=\"index, follow, max-snippet:-1, max-image-preview:large, max-video-preview:-1\" \/>\n<link rel=\"canonical\" href=\"http:\/\/www.hotelpietroasa.ro\/site\/noblesse\/\" \/>\n<meta property=\"og:locale\" content=\"en_US\" \/>\n<meta property=\"og:type\" content=\"article\" \/>\n<meta property=\"og:title\" content=\"Noblesse\" \/>\n<meta property=\"og:description\" content=\"Nunta Botez Evenimente Buz\u0103u Noblesse\" \/>\n<meta property=\"og:url\" content=\"http:\/\/www.hotelpietroasa.ro\/site\/noblesse\/\" \/>\n<meta property=\"og:site_name\" content=\"Hotel Pietroasa\" \/>\n<meta property=\"article:publisher\" content=\"https:\/\/www.facebook.com\/hotelpietroasa\" \/>\n<meta property=\"article:modified_time\" content=\"2022-12-18T17:07:00+00:00\" \/>\n<meta property=\"og:image\" content=\"http:\/\/www.hotelpietroasa.ro\/site\/wp-content\/uploads\/images-150x150.png\" \/>\n<meta name=\"twitter:card\" content=\"summary_large_image\" \/>\n<meta name=\"twitter:label1\" content=\"Est. reading time\" \/>\n\t<meta name=\"twitter:data1\" content=\"3 minutes\" \/>\n<script type=\"application\/ld+json\" class=\"yoast-schema-graph\">{\"@context\":\"https:\\\/\\\/schema.org\",\"@graph\":[{\"@type\":\"WebPage\",\"@id\":\"http:\\\/\\\/www.hotelpietroasa.ro\\\/site\\\/noblesse\\\/\",\"url\":\"http:\\\/\\\/www.hotelpietroasa.ro\\\/site\\\/noblesse\\\/\",\"name\":\"Noblesse Nunta Botez - Buzau Hotel Pietroasa Noblesse\",\"isPartOf\":{\"@id\":\"http:\\\/\\\/www.hotelpietroasa.ro\\\/site\\\/#website\"},\"primaryImageOfPage\":{\"@id\":\"http:\\\/\\\/www.hotelpietroasa.ro\\\/site\\\/noblesse\\\/#primaryimage\"},\"image\":{\"@id\":\"http:\\\/\\\/www.hotelpietroasa.ro\\\/site\\\/noblesse\\\/#primaryimage\"},\"thumbnailUrl\":\"http:\\\/\\\/www.hotelpietroasa.ro\\\/site\\\/wp-content\\\/uploads\\\/images-150x150.png\",\"datePublished\":\"2016-05-06T19:36:10+00:00\",\"dateModified\":\"2022-12-18T17:07:00+00:00\",\"description\":\"Nunta Botez Evenimente Buz\u0103u Noblesse\",\"breadcrumb\":{\"@id\":\"http:\\\/\\\/www.hotelpietroasa.ro\\\/site\\\/noblesse\\\/#breadcrumb\"},\"inLanguage\":\"en-US\",\"potentialAction\":[{\"@type\":\"ReadAction\",\"target\":[\"http:\\\/\\\/www.hotelpietroasa.ro\\\/site\\\/noblesse\\\/\"]}]},{\"@type\":\"ImageObject\",\"inLanguage\":\"en-US\",\"@id\":\"http:\\\/\\\/www.hotelpietroasa.ro\\\/site\\\/noblesse\\\/#primaryimage\",\"url\":\"http:\\\/\\\/www.hotelpietroasa.ro\\\/site\\\/wp-content\\\/uploads\\\/images-e1650699315691.png\",\"contentUrl\":\"http:\\\/\\\/www.hotelpietroasa.ro\\\/site\\\/wp-content\\\/uploads\\\/images-e1650699315691.png\",\"width\":8,\"height\":9},{\"@type\":\"BreadcrumbList\",\"@id\":\"http:\\\/\\\/www.hotelpietroasa.ro\\\/site\\\/noblesse\\\/#breadcrumb\",\"itemListElement\":[{\"@type\":\"ListItem\",\"position\":1,\"name\":\"Home\",\"item\":\"http:\\\/\\\/www.hotelpietroasa.ro\\\/site\\\/\"},{\"@type\":\"ListItem\",\"position\":2,\"name\":\"Noblesse\"}]},{\"@type\":\"WebSite\",\"@id\":\"http:\\\/\\\/www.hotelpietroasa.ro\\\/site\\\/#website\",\"url\":\"http:\\\/\\\/www.hotelpietroasa.ro\\\/site\\\/\",\"name\":\"Hotel Pietroasa\",\"description\":\"\",\"publisher\":{\"@id\":\"http:\\\/\\\/www.hotelpietroasa.ro\\\/site\\\/#organization\"},\"potentialAction\":[{\"@type\":\"SearchAction\",\"target\":{\"@type\":\"EntryPoint\",\"urlTemplate\":\"http:\\\/\\\/www.hotelpietroasa.ro\\\/site\\\/?s={search_term_string}\"},\"query-input\":{\"@type\":\"PropertyValueSpecification\",\"valueRequired\":true,\"valueName\":\"search_term_string\"}}],\"inLanguage\":\"en-US\"},{\"@type\":\"Organization\",\"@id\":\"http:\\\/\\\/www.hotelpietroasa.ro\\\/site\\\/#organization\",\"name\":\"Hotel Pietroasa\",\"url\":\"http:\\\/\\\/www.hotelpietroasa.ro\\\/site\\\/\",\"logo\":{\"@type\":\"ImageObject\",\"inLanguage\":\"en-US\",\"@id\":\"http:\\\/\\\/www.hotelpietroasa.ro\\\/site\\\/#\\\/schema\\\/logo\\\/image\\\/\",\"url\":\"http:\\\/\\\/www.hotelpietroasa.ro\\\/site\\\/wp-content\\\/uploads\\\/logo-hp-e1571936696464.png\",\"contentUrl\":\"http:\\\/\\\/www.hotelpietroasa.ro\\\/site\\\/wp-content\\\/uploads\\\/logo-hp-e1571936696464.png\",\"width\":150,\"height\":100,\"caption\":\"Hotel Pietroasa\"},\"image\":{\"@id\":\"http:\\\/\\\/www.hotelpietroasa.ro\\\/site\\\/#\\\/schema\\\/logo\\\/image\\\/\"},\"sameAs\":[\"https:\\\/\\\/www.facebook.com\\\/hotelpietroasa\",\"https:\\\/\\\/instagram.com\\\/hotelpietroasa?utm_medium=copy_link\"]}]}<\/script>\n<!-- \/ Yoast SEO Premium plugin. -->","yoast_head_json":{"title":"Noblesse Nunta Botez - Buzau Hotel Pietroasa Noblesse","description":"Nunta Botez Evenimente Buz\u0103u Noblesse","robots":{"index":"index","follow":"follow","max-snippet":"max-snippet:-1","max-image-preview":"max-image-preview:large","max-video-preview":"max-video-preview:-1"},"canonical":"http:\/\/www.hotelpietroasa.ro\/site\/noblesse\/","og_locale":"en_US","og_type":"article","og_title":"Noblesse","og_description":"Nunta Botez Evenimente Buz\u0103u Noblesse","og_url":"http:\/\/www.hotelpietroasa.ro\/site\/noblesse\/","og_site_name":"Hotel Pietroasa","article_publisher":"https:\/\/www.facebook.com\/hotelpietroasa","article_modified_time":"2022-12-18T17:07:00+00:00","og_image":[{"url":"http:\/\/www.hotelpietroasa.ro\/site\/wp-content\/uploads\/images-150x150.png","type":"","width":"","height":""}],"twitter_card":"summary_large_image","twitter_misc":{"Est. reading time":"3 minutes"},"schema":{"@context":"https:\/\/schema.org","@graph":[{"@type":"WebPage","@id":"http:\/\/www.hotelpietroasa.ro\/site\/noblesse\/","url":"http:\/\/www.hotelpietroasa.ro\/site\/noblesse\/","name":"Noblesse Nunta Botez - Buzau Hotel Pietroasa Noblesse","isPartOf":{"@id":"http:\/\/www.hotelpietroasa.ro\/site\/#website"},"primaryImageOfPage":{"@id":"http:\/\/www.hotelpietroasa.ro\/site\/noblesse\/#primaryimage"},"image":{"@id":"http:\/\/www.hotelpietroasa.ro\/site\/noblesse\/#primaryimage"},"thumbnailUrl":"http:\/\/www.hotelpietroasa.ro\/site\/wp-content\/uploads\/images-150x150.png","datePublished":"2016-05-06T19:36:10+00:00","dateModified":"2022-12-18T17:07:00+00:00","description":"Nunta Botez Evenimente Buz\u0103u Noblesse","breadcrumb":{"@id":"http:\/\/www.hotelpietroasa.ro\/site\/noblesse\/#breadcrumb"},"inLanguage":"en-US","potentialAction":[{"@type":"ReadAction","target":["http:\/\/www.hotelpietroasa.ro\/site\/noblesse\/"]}]},{"@type":"ImageObject","inLanguage":"en-US","@id":"http:\/\/www.hotelpietroasa.ro\/site\/noblesse\/#primaryimage","url":"http:\/\/www.hotelpietroasa.ro\/site\/wp-content\/uploads\/images-e1650699315691.png","contentUrl":"http:\/\/www.hotelpietroasa.ro\/site\/wp-content\/uploads\/images-e1650699315691.png","width":8,"height":9},{"@type":"BreadcrumbList","@id":"http:\/\/www.hotelpietroasa.ro\/site\/noblesse\/#breadcrumb","itemListElement":[{"@type":"ListItem","position":1,"name":"Home","item":"http:\/\/www.hotelpietroasa.ro\/site\/"},{"@type":"ListItem","position":2,"name":"Noblesse"}]},{"@type":"WebSite","@id":"http:\/\/www.hotelpietroasa.ro\/site\/#website","url":"http:\/\/www.hotelpietroasa.ro\/site\/","name":"Hotel Pietroasa","description":"","publisher":{"@id":"http:\/\/www.hotelpietroasa.ro\/site\/#organization"},"potentialAction":[{"@type":"SearchAction","target":{"@type":"EntryPoint","urlTemplate":"http:\/\/www.hotelpietroasa.ro\/site\/?s={search_term_string}"},"query-input":{"@type":"PropertyValueSpecification","valueRequired":true,"valueName":"search_term_string"}}],"inLanguage":"en-US"},{"@type":"Organization","@id":"http:\/\/www.hotelpietroasa.ro\/site\/#organization","name":"Hotel Pietroasa","url":"http:\/\/www.hotelpietroasa.ro\/site\/","logo":{"@type":"ImageObject","inLanguage":"en-US","@id":"http:\/\/www.hotelpietroasa.ro\/site\/#\/schema\/logo\/image\/","url":"http:\/\/www.hotelpietroasa.ro\/site\/wp-content\/uploads\/logo-hp-e1571936696464.png","contentUrl":"http:\/\/www.hotelpietroasa.ro\/site\/wp-content\/uploads\/logo-hp-e1571936696464.png","width":150,"height":100,"caption":"Hotel Pietroasa"},"image":{"@id":"http:\/\/www.hotelpietroasa.ro\/site\/#\/schema\/logo\/image\/"},"sameAs":["https:\/\/www.facebook.com\/hotelpietroasa","https:\/\/instagram.com\/hotelpietroasa?utm_medium=copy_link"]}]}},"_links":{"self":[{"href":"http:\/\/www.hotelpietroasa.ro\/site\/wp-json\/wp\/v2\/pages\/429","targetHints":{"allow":["GET"]}}],"collection":[{"href":"http:\/\/www.hotelpietroasa.ro\/site\/wp-json\/wp\/v2\/pages"}],"about":[{"href":"http:\/\/www.hotelpietroasa.ro\/site\/wp-json\/wp\/v2\/types\/page"}],"author":[{"embeddable":true,"href":"http:\/\/www.hotelpietroasa.ro\/site\/wp-json\/wp\/v2\/users\/1"}],"replies":[{"embeddable":true,"href":"http:\/\/www.hotelpietroasa.ro\/site\/wp-json\/wp\/v2\/comments?post=429"}],"version-history":[{"count":16,"href":"http:\/\/www.hotelpietroasa.ro\/site\/wp-json\/wp\/v2\/pages\/429\/revisions"}],"predecessor-version":[{"id":692,"href":"http:\/\/www.hotelpietroasa.ro\/site\/wp-json\/wp\/v2\/pages\/429\/revisions\/692"}],"wp:attachment":[{"href":"http:\/\/www.hotelpietroasa.ro\/site\/wp-json\/wp\/v2\/media?parent=429"}],"curies":[{"name":"wp","href":"https:\/\/api.w.org\/{rel}","templated":true}]}}